{"id":604,"date":"2022-12-27T09:22:28","date_gmt":"2022-12-27T02:22:28","guid":{"rendered":"https:\/\/icat-vietnam.com\/about-us\/"},"modified":"2023-02-12T21:06:33","modified_gmt":"2023-02-12T14:06:33","slug":"ve-icat-vietnam","status":"publish","type":"page","link":"https:\/\/icat-vietnam.com\/en\/ve-icat-vietnam\/","title":{"rendered":"V\u1ec1 Icat-Vietnam"},"content":{"rendered":"\t<section class=\"section\" id=\"section_607904702\">\n\t\t<div class=\"bg section-bg fill bg-fill  bg-loaded\" >\n\n\t\t\t\n\t\t\t\n\t\t\t\n\n\t\t<\/div>\n\n\t\t\n\n\t\t<div class=\"section-content relative\">\n\t\t\t\n\n<div class=\"row\" style=\"max-width:1200px\" id=\"row-796803386\">\n\n\n\t<div id=\"col-691613222\" class=\"col medium-6 small-12 large-5\"  >\n\t\t\t\t<div class=\"col-inner\"  >\n\t\t\t\n\t\t\t\n\n\t<div id=\"gap-593759476\" class=\"gap-element clearfix\" style=\"display:block; height:auto;\">\n\t\t\n<style>\n#gap-593759476 {\n  padding-top: 0px;\n}\n@media (min-width:550px) {\n  #gap-593759476 {\n    padding-top: 60px;\n  }\n}\n<\/style>\n\t<\/div>\n\t\n\n\t<div id=\"text-2285605310\" class=\"text\">\n\t\t\n\n<h1>About us<\/h1>\n\t\t\n<style>\n#text-2285605310 {\n  font-size: 2.75rem;\n}\n<\/style>\n\t<\/div>\n\t\n\n\t\t<\/div>\n\t\t\t\t\t<\/div>\n\n\t\n\n<\/div>\n\n\t\t<\/div>\n\n\t\t\n<style>\n#section_607904702 {\n  padding-top: 0px;\n  padding-bottom: 0px;\n  min-height: 100px;\n  background-color: rgb(249, 245, 229);\n}\n@media (min-width:550px) {\n  #section_607904702 {\n    padding-top: 30px;\n    padding-bottom: 30px;\n    min-height: 0px;\n  }\n}\n@media (min-width:850px) {\n  #section_607904702 {\n    min-height: 300px;\n  }\n}\n<\/style>\n\t<\/section>\n\t\n\t<section class=\"section\" id=\"section_1763472136\">\n\t\t<div class=\"bg section-bg fill bg-fill  bg-loaded\" >\n\n\t\t\t\n\t\t\t\n\t\t\t\n\n\t\t<\/div>\n\n\t\t\n\n\t\t<div class=\"section-content relative\">\n\t\t\t\n\n<div class=\"row\" style=\"max-width:1200px\" id=\"row-1185453574\">\n\n\n\t<div id=\"col-822055421\" class=\"col small-12 large-12\"  >\n\t\t\t\t<div class=\"col-inner\"  >\n\t\t\t\n\t\t\t\n\n<div class=\"row align-bottom\" style=\"max-width:1200px\" id=\"row-41592388\">\n\n\n\t<div id=\"col-821783004\" class=\"col medium-12 small-12 large-6\"  >\n\t\t\t\t<div class=\"col-inner\"  >\n\t\t\t\n\t\t\t\n\n<p>Icat Vi\u1ec7t Nam chuy\u00ean cung c\u1ea5p \u0110\u1ed9ng c\u01a1 kh\u00ed n\u00e9n, Ph\u1ee5 ki\u1ec7n \u0111\u01b0\u1eddng \u1ed1ng kh\u00ed, M\u00e1y m\u00e0i, D\u1ee5ng c\u1ee5 c\u1ea7m tay ch\u00ednh h\u00e3ng, nh\u1eadp kh\u1ea9u ch\u1ea5t l\u01b0\u1ee3ng cao.<\/p>\n<a href=\"\/lien-he\/\" target=\"_self\" class=\"button secondary is-link\"  >\n    <span>LI\u00caN H\u1ec6 NGAY<\/span>\n  <i class=\"icon-angle-right\" aria-hidden=\"true\" ><\/i><\/a>\n\n\n\n\t\t<\/div>\n\t\t\t\t\t<\/div>\n\n\t\n\n\t<div id=\"col-2093552796\" class=\"col medium-12 small-12 large-6 medium-col-first\"  >\n\t\t\t\t<div class=\"col-inner\"  >\n\t\t\t\n\t\t\t\n\n\n  <div class=\"banner has-hover\" id=\"banner-2104308170\">\n          <div class=\"banner-inner fill\">\n        <div class=\"banner-bg fill\" >\n            <div class=\"bg fill bg-fill \"><\/div>\n                                    \n                    <\/div>\n\t\t\n        <div class=\"banner-layers container\">\n            <div class=\"fill banner-link\"><\/div>            \n\n\n        <\/div>\n      <\/div>\n\n            \n<style>\n#banner-2104308170 {\n  padding-top: 243px;\n  background-color: rgb(255, 255, 255);\n}\n#banner-2104308170 .bg.bg-loaded {\n  background-image: url(https:\/\/icat-vietnam.com\/wp-content\/uploads\/2023\/02\/Grinders.jpeg);\n}\n#banner-2104308170 .bg {\n  background-position: 30% 37%;\n}\n@media (min-width:550px) {\n  #banner-2104308170 {\n    padding-top: 388px;\n  }\n}\n@media (min-width:850px) {\n  #banner-2104308170 {\n    padding-top: 491px;\n  }\n}\n<\/style>\n  <\/div>\n\n\n\n\t\t<\/div>\n\t\t\t\t\n<style>\n#col-2093552796 > .col-inner {\n  padding: 0px 0px 10px 0px;\n  margin: -70px 0px 0px 0px;\n}\n@media (min-width:550px) {\n  #col-2093552796 > .col-inner {\n    padding: 0px 0px 30px 0px;\n  }\n}\n@media (min-width:850px) {\n  #col-2093552796 > .col-inner {\n    margin: -260px 0px 0px 0px;\n  }\n}\n<\/style>\n\t<\/div>\n\n\t\n\n<\/div>\n\n\t\t<\/div>\n\t\t\t\t\t<\/div>\n\n\t\n\n<\/div>\n\n\t\t<\/div>\n\n\t\t\n<style>\n#section_1763472136 {\n  padding-top: 30px;\n  padding-bottom: 30px;\n}\n<\/style>\n\t<\/section>\n\t\n\t<section class=\"section\" id=\"section_2005344905\">\n\t\t<div class=\"bg section-bg fill bg-fill  bg-loaded\" >\n\n\t\t\t\n\t\t\t\n\t\t\t\n\n\t\t<\/div>\n\n\t\t\n\n\t\t<div class=\"section-content relative\">\n\t\t\t\n\n<div class=\"row\" style=\"max-width:1200px\" id=\"row-1215568974\">\n\n\n\t<div id=\"col-884609387\" class=\"col medium-11 small-12 large-9\"  >\n\t\t\t\t<div class=\"col-inner\"  >\n\t\t\t\n\t\t\t\n\n\t<div id=\"gap-1951997454\" class=\"gap-element clearfix\" style=\"display:block; height:auto;\">\n\t\t\n<style>\n#gap-1951997454 {\n  padding-top: 30px;\n}\n<\/style>\n\t<\/div>\n\t\n\n\n  <div class=\"banner has-hover\" id=\"banner-1047375274\">\n          <div class=\"banner-inner fill\">\n        <div class=\"banner-bg fill\" >\n            <div class=\"bg fill bg-fill \"><\/div>\n                                    \n                    <\/div>\n\t\t\n        <div class=\"banner-layers container\">\n            <div class=\"fill banner-link\"><\/div>            \n\n\n        <\/div>\n      <\/div>\n\n            \n<style>\n#banner-1047375274 {\n  padding-top: 268px;\n  background-color: rgb(249, 245, 229);\n}\n#banner-1047375274 .bg.bg-loaded {\n  background-image: url(https:\/\/icat-vietnam.com\/wp-content\/uploads\/2023\/02\/banner.jpeg);\n}\n#banner-1047375274 .bg {\n  background-position: 46% 47%;\n}\n@media (min-width:550px) {\n  #banner-1047375274 {\n    padding-top: 449px;\n  }\n}\n@media (min-width:850px) {\n  #banner-1047375274 {\n    padding-top: 500px;\n  }\n}\n<\/style>\n  <\/div>\n\n\n\n\t\t<\/div>\n\t\t\t\t\t<\/div>\n\n\t\n\n<\/div>\n<div class=\"row align-right\" style=\"max-width:1200px\" id=\"row-417750115\">\n\n\n\t<div id=\"col-566527216\" class=\"col medium-8 small-12 large-6\"  >\n\t\t\t\t<div class=\"col-inner\" style=\"background-color:rgb(255, 255, 255);\" >\n\t\t\t\n\t\t\t\n\n\t<div id=\"text-3985839519\" class=\"text\">\n\t\t\n\n<h3>TI\u00caU CH\u00cd C\u1ee6A CH\u00daNG T\u00d4I<\/h3>\n\t\t\n<style>\n#text-3985839519 {\n  font-size: 1.5rem;\n}\n<\/style>\n\t<\/div>\n\t\n<ul>\n<li class=\"bullet-checkmark\">H\u00e0ng ch\u00ednh h\u00e3ng, ngu\u1ed3n g\u1ed1c xu\u1ea5t x\u1ee9 r\u00f5 r\u00e0ng.<\/li>\n<li class=\"bullet-checkmark\">Gi\u00e1 c\u1ea3 c\u1ea1nh tranh t\u1ed1t nh\u1ea5t th\u1ecb tr\u01b0\u1eddng.<\/li>\n<li class=\"bullet-checkmark\">Phong c\u00e1ch ph\u1ee5c v\u1ee5 v\u00e0 t\u01b0 v\u1ea5n chuy\u00ean nghi\u1ec7p.<\/li>\n<li class=\"bullet-checkmark\">Kh\u00e1ch h\u00e0ng l\u00e0 trung t\u00e2m, s\u1ef1 h\u00e0i l\u00f2ng c\u1ee7a kh\u00e1ch h\u00e0ng l\u00e0 ti\u00eau ch\u00ed h\u00e0ng \u0111\u1ea7u c\u1ee7a ICatVienam<\/li>\n<\/ul>\n\n\t\t<\/div>\n\t\t\t\t\n<style>\n#col-566527216 > .col-inner {\n  padding: 10% 10% 10% 10%;\n  margin: -42px -42px 0px 0px;\n}\n@media (min-width:550px) {\n  #col-566527216 > .col-inner {\n    margin: -317px -42px 0px 0px;\n  }\n}\n<\/style>\n\t<\/div>\n\n\t\n\n<\/div>\n\n\t\t<\/div>\n\n\t\t\n<style>\n#section_2005344905 {\n  padding-top: 0px;\n  padding-bottom: 0px;\n  background-color: rgb(249, 245, 229);\n}\n@media (min-width:550px) {\n  #section_2005344905 {\n    padding-top: 0px;\n    padding-bottom: 0px;\n  }\n}\n@media (min-width:850px) {\n  #section_2005344905 {\n    padding-top: 30px;\n    padding-bottom: 30px;\n  }\n}\n<\/style>\n\t<\/section>\n\t\n\t<section class=\"section\" id=\"section_1209414251\">\n\t\t<div class=\"bg section-bg fill bg-fill  bg-loaded\" >\n\n\t\t\t\n\t\t\t\n\t\t\t\n\n\t\t<\/div>\n\n\t\t\n\n\t\t<div class=\"section-content relative\">\n\t\t\t\n\n\t<div id=\"gap-1527890495\" class=\"gap-element clearfix\" style=\"display:block; height:auto;\">\n\t\t\n<style>\n#gap-1527890495 {\n  padding-top: 30px;\n}\n<\/style>\n\t<\/div>\n\t\n\n<div class=\"row\" style=\"max-width:1200px\" id=\"row-1361833693\">\n\n\n\t<div id=\"col-1870943772\" class=\"col medium-6 small-12 large-6\"  >\n\t\t\t\t<div class=\"col-inner\"  >\n\t\t\t\n\t\t\t\n\n\n  <div class=\"banner has-hover\" id=\"banner-1845461177\">\n          <div class=\"banner-inner fill\">\n        <div class=\"banner-bg fill\" >\n            <div class=\"bg fill bg-fill \"><\/div>\n                                    \n                    <\/div>\n\t\t\n        <div class=\"banner-layers container\">\n            <div class=\"fill banner-link\"><\/div>            \n\n\n        <\/div>\n      <\/div>\n\n            \n<style>\n#banner-1845461177 {\n  padding-top: 249px;\n  background-color: rgb(255, 255, 255);\n}\n#banner-1845461177 .bg.bg-loaded {\n  background-image: url(https:\/\/icat-vietnam.com\/wp-content\/uploads\/2023\/02\/Sanders.webp);\n}\n#banner-1845461177 .bg {\n  background-position: 42% 11%;\n}\n@media (min-width:550px) {\n  #banner-1845461177 {\n    padding-top: 382px;\n  }\n}\n@media (min-width:850px) {\n  #banner-1845461177 {\n    padding-top: 600px;\n  }\n}\n<\/style>\n  <\/div>\n\n\n\t<div id=\"gap-1349199643\" class=\"gap-element clearfix\" style=\"display:block; height:auto;\">\n\t\t\n<style>\n#gap-1349199643 {\n  padding-top: 30px;\n}\n@media (min-width:550px) {\n  #gap-1349199643 {\n    padding-top: 100px;\n  }\n}\n<\/style>\n\t<\/div>\n\t\n\n\n\t\t<\/div>\n\t\t\t\t\n<style>\n#col-1870943772 > .col-inner {\n  padding: 0px 0px 0px 1px;\n}\n@media (min-width:850px) {\n  #col-1870943772 > .col-inner {\n    padding: 50px 50px 50px 0px;\n  }\n}\n<\/style>\n\t<\/div>\n\n\t\n\n\t<div id=\"col-939401903\" class=\"col medium-6 small-12 large-6\"  >\n\t\t\t\t<div class=\"col-inner\"  >\n\t\t\t\n\t\t\t\n\n\t<div id=\"text-2767009300\" class=\"text\">\n\t\t\n\n<h2>\u0110\u1ed0I T\u00c1C C\u1ee6A CH\u00daNG T\u00d4I<\/h2>\n\t\t\n<style>\n#text-2767009300 {\n  font-size: 1.1rem;\n}\n@media (min-width:550px) {\n  #text-2767009300 {\n    font-size: 1.5rem;\n  }\n}\n<\/style>\n\t<\/div>\n\t\n<p>S\u1ef1 h\u00e0i l\u00f2ng v\u1ec1 s\u1ea3n ph\u1ea9m ch\u00fang t\u00f4i cung c\u1ea5p lu\u00f4n l\u00e0 \u01b0u ti\u00ean h\u00e0ng \u0111\u1ea7u c\u1ee7a c\u00f4ng ty Icat Vi\u1ec7t nam.<\/p>\n\t<div id=\"gap-282094640\" class=\"gap-element clearfix\" style=\"display:block; height:auto;\">\n\t\t\n<style>\n#gap-282094640 {\n  padding-top: 30px;\n}\n@media (min-width:550px) {\n  #gap-282094640 {\n    padding-top: 80px;\n  }\n}\n<\/style>\n\t<\/div>\n\t\n\n\n  <div class=\"banner has-hover\" id=\"banner-1093042997\">\n          <div class=\"banner-inner fill\">\n        <div class=\"banner-bg fill\" >\n            <div class=\"bg fill bg-fill \"><\/div>\n                                    \n                    <\/div>\n\t\t\n        <div class=\"banner-layers container\">\n            <div class=\"fill banner-link\"><\/div>            \n\n\n        <\/div>\n      <\/div>\n\n            \n<style>\n#banner-1093042997 {\n  padding-top: 310px;\n  background-color: rgb(255, 255, 255);\n}\n#banner-1093042997 .bg.bg-loaded {\n  background-image: url(https:\/\/icat-vietnam.com\/wp-content\/uploads\/2023\/02\/IndustrialTechnique_Grindersintheaerospaceindustry.webp);\n}\n#banner-1093042997 .bg {\n  background-position: 47% 26%;\n}\n@media (min-width:550px) {\n  #banner-1093042997 {\n    padding-top: 354px;\n  }\n}\n@media (min-width:850px) {\n  #banner-1093042997 {\n    padding-top: 600px;\n  }\n}\n<\/style>\n  <\/div>\n\n\n\n\t\t<\/div>\n\t\t\t\t\n<style>\n#col-939401903 > .col-inner {\n  padding: 0px 0px 0px 0;\n}\n@media (min-width:550px) {\n  #col-939401903 > .col-inner {\n    padding: 50px 0px 0px 20px;\n  }\n}\n@media (min-width:850px) {\n  #col-939401903 > .col-inner {\n    padding: 50px 0px 0px 50px;\n  }\n}\n<\/style>\n\t<\/div>\n\n\t\n\n<\/div>\n\n\t\t<\/div>\n\n\t\t\n<style>\n#section_1209414251 {\n  padding-top: 30px;\n  padding-bottom: 30px;\n}\n<\/style>\n\t<\/section>\n\t","protected":false},"excerpt":{"rendered":"","protected":false},"author":1,"featured_media":0,"parent":0,"menu_order":0,"comment_status":"closed","ping_status":"closed","template":"page-blank.php","meta":{"footnotes":""},"class_list":["post-604","page","type-page","status-publish","hentry"],"_links":{"self":[{"href":"https:\/\/icat-vietnam.com\/en\/wp-json\/wp\/v2\/pages\/604","targetHints":{"allow":["GET"]}}],"collection":[{"href":"https:\/\/icat-vietnam.com\/en\/wp-json\/wp\/v2\/pages"}],"about":[{"href":"https:\/\/icat-vietnam.com\/en\/wp-json\/wp\/v2\/types\/page"}],"author":[{"embeddable":true,"href":"https:\/\/icat-vietnam.com\/en\/wp-json\/wp\/v2\/users\/1"}],"replies":[{"embeddable":true,"href":"https:\/\/icat-vietnam.com\/en\/wp-json\/wp\/v2\/comments?post=604"}],"version-history":[{"count":5,"href":"https:\/\/icat-vietnam.com\/en\/wp-json\/wp\/v2\/pages\/604\/revisions"}],"predecessor-version":[{"id":1213,"href":"https:\/\/icat-vietnam.com\/en\/wp-json\/wp\/v2\/pages\/604\/revisions\/1213"}],"wp:attachment":[{"href":"https:\/\/icat-vietnam.com\/en\/wp-json\/wp\/v2\/media?parent=604"}],"curies":[{"name":"wp","href":"https:\/\/api.w.org\/{rel}","templated":true}]}}